{"id":626,"date":"2016-03-01T13:44:28","date_gmt":"2016-03-01T12:44:28","guid":{"rendered":"http:\/\/192.168.1.25\/chirurgiezentrum-wordpress\/en\/refluxkrankheit\/"},"modified":"2016-08-10T11:05:11","modified_gmt":"2016-08-10T09:05:11","slug":"hiatal-hernia-and-reflux-disease","status":"publish","type":"page","link":"https:\/\/www.chirurgiezentrum.at\/en\/services\/hiatal-hernia-and-reflux-disease\/","title":{"rendered":"Hiatal hernia &#038; reflux disease (acid indigestion)"},"content":{"rendered":"<p>[et_pb_section admin_label=&#8221;section&#8221;][et_pb_row admin_label=&#8221;row&#8221;][et_pb_column type=&#8221;4_4&#8243;][et_pb_text admin_label=&#8221;Text&#8221; background_layout=&#8221;light&#8221; text_orientation=&#8221;left&#8221; use_border_color=&#8221;off&#8221; border_color=&#8221;#ffffff&#8221; border_style=&#8221;solid&#8221;]<\/p>\n<h1 class=\"bg_blue\">Hiatal hernia &amp; reflux disease (acid indigestion)<\/h1>\n<p>[\/et_pb_text][et_pb_text admin_label=&#8221;Text&#8221; background_layout=&#8221;light&#8221; text_orientation=&#8221;left&#8221; use_border_color=&#8221;off&#8221; border_color=&#8221;#ffffff&#8221; border_style=&#8221;solid&#8221;]<\/p>\n<p>In modern industrial countries, <strong>reflux disease<\/strong> is one of the most common diseases of the esophagus and stomach: 20-30% of the population of these countries suffer from reflux disease and in the last 30 years, the incidence of the disease has increased tenfold. As many as 40% of these patients have one incident per month,<\/p>\n<p><strong>Symptoms<\/strong><\/p>\n<p>The most common symptoms of this disease are acid indigestion, burping or belching, dull pain or pressure behind the breastbone, especially at night (50% of patients). In as many as 15% of patients who have such symptoms and attribute them to heart trouble, the problem is actually reflux disease. Other symptoms include swallowing problems, morning hoarseness or a lump in the throat.<\/p>\n<p>[\/et_pb_text][\/et_pb_column][\/et_pb_row][et_pb_row admin_label=&#8221;Zeile&#8221;][et_pb_column type=&#8221;2_3&#8243;][et_pb_text admin_label=&#8221;Text&#8221; background_layout=&#8221;light&#8221; text_orientation=&#8221;left&#8221; use_border_color=&#8221;off&#8221; border_color=&#8221;#ffffff&#8221; border_style=&#8221;solid&#8221;]<\/p>\n<p><strong>Causes<\/strong><\/p>\n<p>The main causes of this disease is a hiatal hernia, due to enlargement of the opening in the diaphragm (Fig. 1) through which the esophagus normally passes.<\/p>\n<p>The esophageal sphincter, the muscle that closes the esophagus, can become displaced in the chest when the opening in the diaphragm through which the esophagus passes becomes enlarged. When this hiatus hernia is very large, even portions of the stomach can be displaced into the chest. Almost all patients with reflux disease have a hiatal hernia.<br \/>\nFactors that favor reflux are overweight, alcohol, smoking and sweet and\/or fatty foods, along with meals taken late, shortly before bedtime. Reflux damages the mucous membrane lining the esophagus and causing reflux esophagitis. If the latter persists over a longer period, it can turn into Barrett\u2019s esophagitis, which can be a risk factor for malignancy.<\/p>\n<p>[\/et_pb_text][\/et_pb_column][et_pb_column type=&#8221;1_3&#8243;][et_pb_image admin_label=&#8221;Bild&#8221; src=&#8221;http:\/\/www.chirurgiezentrum.at\/wp-content\/uploads\/2016\/03\/Zwerchfell-1.jpg&#8221; show_in_lightbox=&#8221;on&#8221; url_new_window=&#8221;off&#8221; use_overlay=&#8221;off&#8221; animation=&#8221;off&#8221; sticky=&#8221;off&#8221; align=&#8221;left&#8221; force_fullwidth=&#8221;off&#8221; always_center_on_mobile=&#8221;on&#8221; use_border_color=&#8221;off&#8221; border_color=&#8221;#ffffff&#8221; border_style=&#8221;solid&#8221;] [\/et_pb_image][et_pb_text admin_label=&#8221;Text&#8221; background_layout=&#8221;light&#8221; text_orientation=&#8221;left&#8221; use_border_color=&#8221;off&#8221; border_color=&#8221;#ffffff&#8221; border_style=&#8221;solid&#8221;] <em>Grosse Zwerchfell\u00fccke mit Verlagerung des Magens in den Brustkorb<\/em> [\/et_pb_text][\/et_pb_column][\/et_pb_row][et_pb_row admin_label=&#8221;Zeile&#8221;][et_pb_column type=&#8221;4_4&#8243;][et_pb_text admin_label=&#8221;Text&#8221; background_layout=&#8221;light&#8221; text_orientation=&#8221;left&#8221; use_border_color=&#8221;off&#8221; border_color=&#8221;#ffffff&#8221; border_style=&#8221;solid&#8221;]<\/p>\n<p><strong>Treatment<\/strong><\/p>\n<p>Today, reflux disease can be treated with medication or surgery, but in any case, the aim is to resolve symptoms promptly and to avoid complications. First, the patient should take some general measures such as changing the diet (more small meals rather than fewer large ones, the last meal at least four hours before bedtime, avoidance of tobacco and alcohol, no fatty foods) and elevating the head of the bed. Medication is the primary treatment of choice for reflux disease. Surgery, however, is indicated for large hiatal hernias and lung problems (chronic cough, asthma), and chronic pharyngitis.<br \/>\nSurgical treatment of hiatal hernia now is almost always laparoscopic. The surgical instruments are inserted into the abdominal cavity through four or five one-centimeter incisions in the skin. Then the enlarged opening in the diaphragm is reduced to a size corresponding to the diameter of the esophagus (Fig. 2) and a wrap made of stomach tissue is drawn around the esophagus where it enters the stomach (Fig. 3). This augments the sphincter function so that gastric juice can no longer flow from the stomach into the esophagus. The surgical procedure is not very painful and the patients can already take food on the evening after the operation; hospitalization averages two to five days.<\/p>\n<p>&nbsp;<\/p>\n<p>[\/et_pb_text][\/et_pb_column][\/et_pb_row][et_pb_row admin_label=&#8221;Zeile&#8221;][et_pb_column type=&#8221;1_3&#8243;][et_pb_image admin_label=&#8221;Bild&#8221; src=&#8221;http:\/\/www.chirurgiezentrum.at\/wp-content\/uploads\/2016\/03\/Zwerchfell-4.jpg&#8221; show_in_lightbox=&#8221;on&#8221; url_new_window=&#8221;off&#8221; use_overlay=&#8221;off&#8221; animation=&#8221;off&#8221; sticky=&#8221;off&#8221; align=&#8221;left&#8221; force_fullwidth=&#8221;off&#8221; always_center_on_mobile=&#8221;on&#8221; use_border_color=&#8221;off&#8221; border_color=&#8221;#ffffff&#8221; border_style=&#8221;solid&#8221;] [\/et_pb_image][et_pb_text admin_label=&#8221;Text&#8221; background_layout=&#8221;light&#8221; text_orientation=&#8221;left&#8221; use_border_color=&#8221;off&#8221; border_color=&#8221;#ffffff&#8221; border_style=&#8221;solid&#8221;]<\/p>\n<p><em>Opertionsnarben 4 Wochen nach einer laparoskopischen Refluxoperation<\/em><\/p>\n<p>[\/et_pb_text][\/et_pb_column][et_pb_column type=&#8221;1_3&#8243;][et_pb_image admin_label=&#8221;Bild&#8221; src=&#8221;http:\/\/www.chirurgiezentrum.at\/wp-content\/uploads\/2016\/03\/Zwerchfell-2.jpg&#8221; show_in_lightbox=&#8221;on&#8221; url_new_window=&#8221;off&#8221; use_overlay=&#8221;off&#8221; animation=&#8221;off&#8221; sticky=&#8221;off&#8221; align=&#8221;left&#8221; force_fullwidth=&#8221;off&#8221; always_center_on_mobile=&#8221;on&#8221; use_border_color=&#8221;off&#8221; border_color=&#8221;#ffffff&#8221; border_style=&#8221;solid&#8221;] [\/et_pb_image][et_pb_text admin_label=&#8221;Text&#8221; background_layout=&#8221;light&#8221; text_orientation=&#8221;left&#8221; use_border_color=&#8221;off&#8221; border_color=&#8221;#ffffff&#8221; border_style=&#8221;solid&#8221;] <em>Opertionsnarben 4 Wochen nach einer laparoskopischen Refluxoperation<\/em> [\/et_pb_text][\/et_pb_column][et_pb_column type=&#8221;1_3&#8243;][et_pb_image admin_label=&#8221;Bild&#8221; src=&#8221;http:\/\/www.chirurgiezentrum.at\/wp-content\/uploads\/2016\/03\/Zwerchfell-3.jpg&#8221; show_in_lightbox=&#8221;on&#8221; url_new_window=&#8221;off&#8221; use_overlay=&#8221;off&#8221; animation=&#8221;off&#8221; sticky=&#8221;off&#8221; align=&#8221;left&#8221; force_fullwidth=&#8221;off&#8221; always_center_on_mobile=&#8221;on&#8221; use_border_color=&#8221;off&#8221; border_color=&#8221;#ffffff&#8221; border_style=&#8221;solid&#8221;] [\/et_pb_image][et_pb_text admin_label=&#8221;Text&#8221; background_layout=&#8221;light&#8221; text_orientation=&#8221;left&#8221; use_border_color=&#8221;off&#8221; border_color=&#8221;#ffffff&#8221; border_style=&#8221;solid&#8221;]<\/p>\n<p><em>Antirefluxmanschette bestehend aus dem obersten Teil des Magens. Die Manschette ist mit drei N\u00e4hten um die Speiser\u00f6hre gen\u00e4ht.<\/em><\/p>\n<p>[\/et_pb_text][\/et_pb_column][\/et_pb_row][\/et_pb_section][et_pb_section admin_label=&#8221;Sektion&#8221; global_module=&#8221;220&#8243; fullwidth=&#8221;off&#8221; specialty=&#8221;off&#8221; transparent_background=&#8221;off&#8221; allow_player_pause=&#8221;off&#8221; inner_shadow=&#8221;off&#8221; parallax=&#8221;off&#8221; parallax_method=&#8221;off&#8221; padding_mobile=&#8221;off&#8221; make_fullwidth=&#8221;off&#8221; use_custom_width=&#8221;off&#8221; width_unit=&#8221;on&#8221; make_equal=&#8221;off&#8221; use_custom_gutter=&#8221;off&#8221;][et_pb_row global_parent=&#8221;220&#8243; admin_label=&#8221;Zeile&#8221;][et_pb_column type=&#8221;4_4&#8243;][et_pb_text global_parent=&#8221;220&#8243; admin_label=&#8221;Text&#8221; background_layout=&#8221;light&#8221; text_orientation=&#8221;center&#8221; use_border_color=&#8221;off&#8221; border_color=&#8221;#ffffff&#8221; border_style=&#8221;solid&#8221;]<\/p>\n<h4 class=\"font_blue\" style=\"display: block;\"><strong><a href=\"http:\/\/www.chirurgiezentrum.at\/\/kontakt\/\">Kontaktieren Sie uns jetzt.<\/a><\/strong><\/h4>\n<p>[\/et_pb_text][\/et_pb_column][\/et_pb_row][\/et_pb_section]<\/p>\n","protected":false},"excerpt":{"rendered":"<p>Hiatal hernia &amp; reflux disease (acid indigestion) In modern industrial countries, reflux disease is one of the most common diseases of the esophagus and stomach: 20-30% of the population of these countries suffer from reflux disease and in the last 30 years, the incidence of the disease has increased tenfold. As many as 40% of [&hellip;]<\/p>\n","protected":false},"author":1,"featured_media":0,"parent":634,"menu_order":0,"comment_status":"closed","ping_status":"closed","template":"","meta":{"_et_pb_use_builder":"on","_et_pb_old_content":"","_et_gb_content_width":"","footnotes":""},"class_list":["post-626","page","type-page","status-publish","hentry"],"_links":{"self":[{"href":"https:\/\/www.chirurgiezentrum.at\/en\/wp-json\/wp\/v2\/pages\/626"}],"collection":[{"href":"https:\/\/www.chirurgiezentrum.at\/en\/wp-json\/wp\/v2\/pages"}],"about":[{"href":"https:\/\/www.chirurgiezentrum.at\/en\/wp-json\/wp\/v2\/types\/page"}],"author":[{"embeddable":true,"href":"https:\/\/www.chirurgiezentrum.at\/en\/wp-json\/wp\/v2\/users\/1"}],"replies":[{"embeddable":true,"href":"https:\/\/www.chirurgiezentrum.at\/en\/wp-json\/wp\/v2\/comments?post=626"}],"version-history":[{"count":4,"href":"https:\/\/www.chirurgiezentrum.at\/en\/wp-json\/wp\/v2\/pages\/626\/revisions"}],"predecessor-version":[{"id":1167,"href":"https:\/\/www.chirurgiezentrum.at\/en\/wp-json\/wp\/v2\/pages\/626\/revisions\/1167"}],"up":[{"embeddable":true,"href":"https:\/\/www.chirurgiezentrum.at\/en\/wp-json\/wp\/v2\/pages\/634"}],"wp:attachment":[{"href":"https:\/\/www.chirurgiezentrum.at\/en\/wp-json\/wp\/v2\/media?parent=626"}],"curies":[{"name":"wp","href":"https:\/\/api.w.org\/{rel}","templated":true}]}}